{"id":1649,"date":"2021-05-01T21:42:54","date_gmt":"2021-05-02T02:42:54","guid":{"rendered":"https:\/\/consulta2020.conacyt.mx\/?page_id=1649"},"modified":"2021-05-17T18:54:30","modified_gmt":"2021-05-17T23:54:30","slug":"codigo-de-conducta","status":"publish","type":"page","link":"https:\/\/consulta.conacyt.mx\/?page_id=1649","title":{"rendered":"C\u00f3digo de conducta"},"content":{"rendered":"\n<p style=\"font-size:17px\">Con el prop\u00f3sito de que \u00e9ste sea un espacio informativo, de respeto y que coadyuve a un ejercicio de di\u00e1logo, se solicita a todas y todos los participantes que no realicen las siguientes acciones:<\/p>\n\n\n\n<lu><li>Intimidar, acosar o insultar a otras personas.<\/li><li>Publicar contenido ofensivo, pornogr\u00e1fico, de naturaleza sexual o lasciva, que fomente el odio, la discriminaci\u00f3n o el sexismo o que atente contra la dignidad de las personas.<\/li><li>Utilizar palabras altisonantes, improperios, injurias y, en general, un lenguaje soez.<\/li><li>Publicar temas ajenos a los relacionados con los foros de discusi\u00f3n.<\/li><li>Enviar spam, anuncios o publicidad.<\/li><li>Publicar contenido o mensajes que apoyan o aprueban actividades ilegales.<\/li><li>Publicar material protegido con copyright.<\/li><li>Estas acciones aplican para todas las im\u00e1genes, textos y enlaces que sean publicados en esta plataforma.<\/li><\/lu>\n\n\n\n\n<p><\/p>\n\n\n\n<p>El Conacyt no ser\u00e1 responsable de las acciones o comentarios que realicen los usuarios en los foros o en las diferentes \u00e1reas de la plataforma de consulta. En todo caso, se reserva el derecho de tomar las medidas necesarias que garanticen la sana convivencia en la plataforma.<\/p>\n\n\n\n<div class=\"wp-block-buttons is-content-justification-center is-layout-flex wp-block-buttons-is-layout-flex\">\n<div class=\"wp-block-button is-style-outline is-style-outline--1\"><a class=\"wp-block-button__link has-white-color has-text-color has-background\" href=\"?page_id=999\" style=\"border-radius:50px;background-color:#022663\"><strong>REGRESAR<\/strong><\/a><\/div>\n<\/div>\n","protected":false},"excerpt":{"rendered":"<p>Con el prop\u00f3sito de que \u00e9ste sea un espacio informativo, de respeto y que coadyuve a un ejercicio de di\u00e1logo, se solicita a todas y todos los participantes que no realicen las siguientes acciones: Intimidar, acosar o insultar a otras personas. Publicar contenido ofensivo, pornogr\u00e1fico, de naturaleza sexual o lasciva, que fomente el odio, la [&hellip;]<\/p>\n","protected":false},"author":1,"featured_media":0,"parent":0,"menu_order":0,"comment_status":"closed","ping_status":"closed","template":"","meta":{"footnotes":""},"class_list":["post-1649","page","type-page","status-publish","hentry","entry"],"_links":{"self":[{"href":"https:\/\/consulta.conacyt.mx\/index.php?rest_route=\/wp\/v2\/pages\/1649","targetHints":{"allow":["GET"]}}],"collection":[{"href":"https:\/\/consulta.conacyt.mx\/index.php?rest_route=\/wp\/v2\/pages"}],"about":[{"href":"https:\/\/consulta.conacyt.mx\/index.php?rest_route=\/wp\/v2\/types\/page"}],"author":[{"embeddable":true,"href":"https:\/\/consulta.conacyt.mx\/index.php?rest_route=\/wp\/v2\/users\/1"}],"replies":[{"embeddable":true,"href":"https:\/\/consulta.conacyt.mx\/index.php?rest_route=%2Fwp%2Fv2%2Fcomments&post=1649"}],"version-history":[{"count":8,"href":"https:\/\/consulta.conacyt.mx\/index.php?rest_route=\/wp\/v2\/pages\/1649\/revisions"}],"predecessor-version":[{"id":2134,"href":"https:\/\/consulta.conacyt.mx\/index.php?rest_route=\/wp\/v2\/pages\/1649\/revisions\/2134"}],"wp:attachment":[{"href":"https:\/\/consulta.conacyt.mx\/index.php?rest_route=%2Fwp%2Fv2%2Fmedia&parent=1649"}],"curies":[{"name":"wp","href":"https:\/\/api.w.org\/{rel}","templated":true}]}}