{"id":1233,"date":"2021-04-28T22:28:29","date_gmt":"2021-04-29T03:28:29","guid":{"rendered":"http:\/\/148.228.31.43\/anteproyecto_ley\/?page_id=1233"},"modified":"2021-05-22T19:06:13","modified_gmt":"2021-05-23T00:06:13","slug":"procedimiento-de-elaboracion","status":"publish","type":"page","link":"https:\/\/consulta.conacyt.mx\/?page_id=1233","title":{"rendered":"Procedimiento de Elaboraci\u00f3n del Anteproyecto"},"content":{"rendered":"\n<p style=\"font-size:17px\">En ejercicio de sus atribuciones legales, el Conacyt formul\u00f3 el Anteproyecto de Ley General en Materia de Humanidades, Ciencias, Tecnolog\u00edas e Innovaci\u00f3n, de conformidad con el procedimiento establecido por la Consejer\u00eda Jur\u00eddica del Ejecutivo Federal (CJEF) en el Acuerdo por el que se emiten los <em>Lineamientos para la Elaboraci\u00f3n, Revisi\u00f3n y Seguimiento de Iniciativas <\/em><em>de Leyes y Decretos del Ejecutivo Federal<\/em>, as\u00ed como con base en el acuerdo del Consejo General de Investigaci\u00f3n Cient\u00edfica, Desarrollo Tecnol\u00f3gico e Innovaci\u00f3n por el que se crea el Comit\u00e9 Intersectorial para la revisi\u00f3n del Anteproyecto, tomado en su Segunda Sesi\u00f3n Ordinaria del 2019.<\/p>\n\n\n\n<p style=\"font-size:17px\">De conformidad con lo anterior, el Conacyt ha sometido el Anteproyecto a consideraci\u00f3n de las dependencias la Administraci\u00f3n P\u00fablica Federal para que formulen opiniones y, una vez atendidas sus observaciones, el Conacyt solicitar\u00e1 el dictamen de impacto presupuestario a la Secretar\u00eda de Hacienda y Cr\u00e9dito P\u00fablico (SHCP), as\u00ed como el dictamen de impacto regulatorio a la Comisi\u00f3n Nacional de Mejora Regulatoria (CONAMER).<\/p>\n\n\n\n<p style=\"font-size:17px\">Una vez desahogados los tr\u00e1mites con la SHCP y la CONAMER, se enviar\u00e1 el Anteproyecto a la CJEF, con el prop\u00f3sito de que lo someta a consideraci\u00f3n del Titular del Ejecutivo Federal y pueda formalizarse la presentaci\u00f3n de la iniciativa ante las C\u00e1maras del Congreso de la Uni\u00f3n.<\/p>\n\n\n\n<p style=\"font-size:23px\"><strong>Procedimiento para la Formulaci\u00f3n del Anteproyecto<\/strong><\/p>\n\n\n\n<figure class=\"wp-block-image size-large is-style-default\"><img loading=\"lazy\" decoding=\"async\" width=\"1024\" height=\"301\" src=\"https:\/\/consulta.conacyt.mx\/wp-content\/uploads\/2021\/05\/ProcesoElaboracion2-1024x301.jpg\" alt=\"\" class=\"wp-image-2212\" srcset=\"https:\/\/consulta.conacyt.mx\/wp-content\/uploads\/2021\/05\/ProcesoElaboracion2-1024x301.jpg 1024w, https:\/\/consulta.conacyt.mx\/wp-content\/uploads\/2021\/05\/ProcesoElaboracion2-300x88.jpg 300w, https:\/\/consulta.conacyt.mx\/wp-content\/uploads\/2021\/05\/ProcesoElaboracion2-768x226.jpg 768w, https:\/\/consulta.conacyt.mx\/wp-content\/uploads\/2021\/05\/ProcesoElaboracion2.jpg 1231w\" sizes=\"auto, (max-width: 1024px) 100vw, 1024px\" \/><\/figure>\n\n\n\n<div class=\"wp-block-file\"><a href=\"https:\/\/consulta.conacyt.mx\/wp-content\/uploads\/2021\/04\/1-Procedimiento_para_la_Elaboracion_del_Anteproyecto.pdf\" class=\"wp-block-file__button\" download>Descarga<\/a><\/div>\n\n\n\n<p style=\"font-size:23px\"><strong>Fuentes para la Formulaci\u00f3n del Anteproyecto<\/strong><\/p>\n\n\n\n<p class=\"has-normal-font-size\">Con el prop\u00f3sito de cumplir con la elaboraci\u00f3n del Anteproyecto y garantizar la calidad t\u00e9cnica y sustantiva de la propuesta, el Conacyt convoc\u00f3 a la comunidad de HCTI a participar, desde diciembre de 2018, en diversos foros, conversatorios, conferencias, mesas de di\u00e1logo y consultas relacionadas con el cambio pol\u00edtico y normativo en materia de HCTI. Asimismo, fueron tomadas en cuenta diversas iniciativas en la materia que obran en las C\u00e1maras del Congreso y Memorias varias de foros y conversatorios, as\u00ed como el documento \u201cHacia la consolidaci\u00f3n y desarrollo de pol\u00edticas p\u00fablicas en ciencia, tecnolog\u00eda e innovaci\u00f3n. Objetivo estrat\u00e9gico para una pol\u00edtica de Estado 2018-2024\u201d. De igual manera, el Conacyt ha formado grupos de trabajo con la Mesa Directiva del Foro Consultivo Cient\u00edfico y Tecnol\u00f3gico para garantizar que las academias, las c\u00e1maras de representantes del sector productivo, as\u00ed como la Universidad Nacional Aut\u00f3noma de M\u00e9xico, el Instituto Polit\u00e9cnico Nacional, la ANUIES, los Centros P\u00fablicos de Investigaci\u00f3n y los \u00f3rganos de HCTI de las entidades federativas participen activamente en el proceso.<\/p>\n\n\n\n<div class=\"wp-block-file\"><a href=\"https:\/\/consulta.conacyt.mx\/wp-content\/uploads\/2021\/04\/2-Fuentes_para_la_Formulacion_del_Anteproyecto.pdf\" class=\"wp-block-file__button\" download>Descarga<\/a><\/div>\n\n\n\n<p style=\"font-size:23px\"><strong>Numeralia de Insumos para la Formulaci\u00f3n del Anteproyecto<\/strong><\/p>\n\n\n\n<p class=\"has-normal-font-size\">Hasta el momento, se han analizado 47 iniciativas presentadas ante las C\u00e1maras del Congreso; 31 informes, estudios y documentos oficiales de car\u00e1cter internacional; 5 leyes y exposiciones de motivos en la materia, 17 an\u00e1lisis legislativos, 18 estudios de pol\u00edtica comparada; 5 memorias de eventos relevantes de la materia; 49 diagn\u00f3sticos y observaciones tem\u00e1ticas y 36 reflexiones interdisciplinarias. Adem\u00e1s, el Conacyt tom\u00f3 en cuenta 91 actividades de consulta y participaci\u00f3n del sector p\u00fablico, 224 propuestas y aportaciones generadas en la plataforma de consulta de la instituci\u00f3n, 17 actividades independientes de la comunidad de HCTI, 20 reuniones de trabajo con diversos actores del Sistema Nacional, 174 cuestionarios dirigidos a instituciones y expertos en la materia, 3 propuestas de Ley de particulares, 10 opiniones emitidas por distintas Secretar\u00edas de Estado y 6 opiniones al Anteproyecto realizadas por otras instituciones p\u00fablicas y asociaciones civiles.<\/p>\n\n\n\n<div class=\"wp-block-file\"><a href=\"https:\/\/consulta.conacyt.mx\/wp-content\/uploads\/2021\/04\/3-Numeralia_de_Insumos_para_la_Formulacion_del_Anteproyecto.pdf\" class=\"wp-block-file__button\" download>Descarga<\/a><\/div>\n\n\n\n<p style=\"font-size:23px\"><strong>Ejes Tem\u00e1ticos para la Formulaci\u00f3n del Anteproyecto<\/strong><\/p>\n\n\n\n<ol class=\"has-normal-font-size wp-block-list\"><li>Consolidaci\u00f3n del derecho humano a la ciencia.<\/li><li>Reivindicaci\u00f3n de las humanidades y del pluralismo epistemol\u00f3gico.<\/li><li>Rector\u00eda y democratizaci\u00f3n del Sistema Nacional de HCTI.<\/li><li>Coordinaci\u00f3n sectorial y regulaci\u00f3n de los CPI.<\/li><li>Coordinaci\u00f3n regional y federalizaci\u00f3n de la pol\u00edtica de HCTI.<\/li><li>Fortalecimiento de los espacios e instancias de participaci\u00f3n y consulta.<\/li><li>Articulaci\u00f3n y coordinaci\u00f3n presupuestales de HCTI.<\/li><li>Reconfiguraci\u00f3n del r\u00e9gimen p\u00fablico de fomento y apoyo.<\/li><li>Independencia cient\u00edfica y tecnol\u00f3gica.<\/li><li>Educaci\u00f3n, cultura y ciencia.<\/li><\/ol>\n\n\n\n<p style=\"font-size:14px\">Este documento fue aprobado, en lo general, por el Comit\u00e9 Intersectorial creado por acuerdo del Consejo General para la revisi\u00f3n del Anteproyecto.<\/p>\n\n\n\n<div class=\"wp-block-file\"><a href=\"https:\/\/consulta.conacyt.mx\/wp-content\/uploads\/2021\/04\/4-Ejes_Tematicos_del_Anteproyecto.pdf\" class=\"wp-block-file__button\" download>Descarga<\/a><\/div>\n\n\n\n<p class=\"has-text-align-right\"><strong><a href=\"https:\/\/consulta2020.conacyt.mx\/system\/admins\/sign_in\" target=\"_blank\" rel=\"noreferrer noopener\">Acceso a la &#8220;Consulta 2020&#8221;<\/a><\/strong><\/p>\n\n\n\n<hr class=\"wp-block-separator alignfull is-style-wide\"\/>\n\n\n\n<div class=\"wp-block-buttons is-content-justification-center is-layout-flex wp-block-buttons-is-layout-flex\">\n<div class=\"wp-block-button is-style-outline is-style-outline--1\"><a class=\"wp-block-button__link has-white-color has-text-color has-background\" href=\"?index.php\" style=\"border-radius:50px;background-color:#022663\"><strong>REGRESAR<\/strong><\/a><\/div>\n<\/div>\n\n\n\n<hr class=\"wp-block-separator alignfull is-style-wide\"\/>\n\n\n\n<p><\/p>\n","protected":false},"excerpt":{"rendered":"<p>En ejercicio de sus atribuciones legales, el Conacyt formul\u00f3 el Anteproyecto de Ley General en Materia de Humanidades, Ciencias, Tecnolog\u00edas e Innovaci\u00f3n, de conformidad con el procedimiento establecido por la Consejer\u00eda Jur\u00eddica del Ejecutivo Federal (CJEF) en el Acuerdo por el que se emiten los Lineamientos para la Elaboraci\u00f3n, Revisi\u00f3n y Seguimiento de Iniciativas de [&hellip;]<\/p>\n","protected":false},"author":1,"featured_media":0,"parent":0,"menu_order":0,"comment_status":"closed","ping_status":"closed","template":"","meta":{"footnotes":""},"class_list":["post-1233","page","type-page","status-publish","hentry","entry"],"_links":{"self":[{"href":"https:\/\/consulta.conacyt.mx\/index.php?rest_route=\/wp\/v2\/pages\/1233","targetHints":{"allow":["GET"]}}],"collection":[{"href":"https:\/\/consulta.conacyt.mx\/index.php?rest_route=\/wp\/v2\/pages"}],"about":[{"href":"https:\/\/consulta.conacyt.mx\/index.php?rest_route=\/wp\/v2\/types\/page"}],"author":[{"embeddable":true,"href":"https:\/\/consulta.conacyt.mx\/index.php?rest_route=\/wp\/v2\/users\/1"}],"replies":[{"embeddable":true,"href":"https:\/\/consulta.conacyt.mx\/index.php?rest_route=%2Fwp%2Fv2%2Fcomments&post=1233"}],"version-history":[{"count":44,"href":"https:\/\/consulta.conacyt.mx\/index.php?rest_route=\/wp\/v2\/pages\/1233\/revisions"}],"predecessor-version":[{"id":2266,"href":"https:\/\/consulta.conacyt.mx\/index.php?rest_route=\/wp\/v2\/pages\/1233\/revisions\/2266"}],"wp:attachment":[{"href":"https:\/\/consulta.conacyt.mx\/index.php?rest_route=%2Fwp%2Fv2%2Fmedia&parent=1233"}],"curies":[{"name":"wp","href":"https:\/\/api.w.org\/{rel}","templated":true}]}}