{"id":1162,"date":"2021-04-28T20:51:57","date_gmt":"2021-04-29T01:51:57","guid":{"rendered":"http:\/\/148.228.31.43\/anteproyecto_ley\/?page_id=1162"},"modified":"2021-05-20T19:47:03","modified_gmt":"2021-05-21T00:47:03","slug":"inicio-v2","status":"publish","type":"page","link":"https:\/\/consulta.conacyt.mx\/","title":{"rendered":""},"content":{"rendered":"\n<figure class=\"wp-block-image size-large\"><img loading=\"lazy\" decoding=\"async\" width=\"1024\" height=\"458\" src=\"http:\/\/148.228.31.43\/anteproyecto_ley\/wp-content\/uploads\/2021\/04\/Banner-Plataforma-Anteproyecto-1024x458.jpeg\" alt=\"\" class=\"wp-image-1572\" srcset=\"https:\/\/consulta.conacyt.mx\/wp-content\/uploads\/2021\/04\/Banner-Plataforma-Anteproyecto-1024x458.jpeg 1024w, https:\/\/consulta.conacyt.mx\/wp-content\/uploads\/2021\/04\/Banner-Plataforma-Anteproyecto-300x134.jpeg 300w, https:\/\/consulta.conacyt.mx\/wp-content\/uploads\/2021\/04\/Banner-Plataforma-Anteproyecto-768x343.jpeg 768w, https:\/\/consulta.conacyt.mx\/wp-content\/uploads\/2021\/04\/Banner-Plataforma-Anteproyecto.jpeg 1280w\" sizes=\"auto, (max-width: 1024px) 100vw, 1024px\" \/><\/figure>\n\n\n\n<p style=\"font-size:28px\"><strong>Bienvenidas y bienvenidos<\/strong><\/p>\n\n\n\n<p style=\"font-size:17px\">Esta Plataforma de Consulta tiene por objeto garantizar que la comunidad human\u00edstica, cient\u00edfica, tecnol\u00f3gica y de innovaci\u00f3n tenga m\u00e1s espacios para presentar propuestas y comentarios con relaci\u00f3n al <em>Anteproyecto de Ley General en Materia de Humanidades, Ciencias, Tecnolog\u00edas e Innovaci\u00f3n<\/em> que fue presentado al Consejo General de Investigaci\u00f3n Cient\u00edfica, Desarrollo Tecnol\u00f3gico e Innovaci\u00f3n el pasado 14 de diciembre de 2020, quien tuvo a bien aprobarlo en lo general y dar su visto bueno para la continuaci\u00f3n del proceso.<\/p>\n\n\n\n<p style=\"font-size:17px\">Con el prop\u00f3sito de facilitar el acceso a la informaci\u00f3n y fortalecer las aportaciones de la comunidad, esta plataforma incluye el conjunto de documentos que se han generado durante el proceso de elaboraci\u00f3n del Anteproyecto, los cuales ayudan a comprender la genealog\u00eda, estructura y el sentido de los contenidos de la propuesta normativa.<\/p>\n\n\n\n<p style=\"font-size:17px\">En el Conacyt estamos convencidos de que la creaci\u00f3n de estos espacios de participaci\u00f3n contribuir\u00e1 a enriquecer y consolidar el contenido del Anteproyecto.<\/p>\n\n\n\n<p style=\"font-size:17px\">La Plataforma de Consulta tiene cuatro secciones que dan cuenta del procedimiento formal que ha seguido la elaboraci\u00f3n del Anteproyecto. Tambi\u00e9n contiene el documento integral presentado ante el Consejo General y se a\u00f1adir\u00e1, a lo largo del mes de mayo de 2021, el resultado del an\u00e1lisis expresado por la comunidad cient\u00edfica en el Foro \u201cHacia la primera Ley General en Materia de Humanidades, Ciencias, Tecnolog\u00edas e Innovaci\u00f3n en M\u00e9xico\u201d, organizado por el Conacyt.<\/p>\n\n\n\n<div style=\"height:22px\" aria-hidden=\"true\" class=\"wp-block-spacer\"><\/div>\n\n\n\n<div class=\"wp-block-image\"><figure class=\"aligncenter size-large\"><a href=\"?page_id=1233\"><img loading=\"lazy\" decoding=\"async\" width=\"520\" height=\"100\" src=\"http:\/\/148.228.31.43\/anteproyecto_ley\/wp-content\/uploads\/2021\/04\/boton_01_small_procedimiento_elaboracion.png\" alt=\"\" class=\"wp-image-1461\" srcset=\"https:\/\/consulta.conacyt.mx\/wp-content\/uploads\/2021\/04\/boton_01_small_procedimiento_elaboracion.png 520w, https:\/\/consulta.conacyt.mx\/wp-content\/uploads\/2021\/04\/boton_01_small_procedimiento_elaboracion-300x58.png 300w\" sizes=\"auto, (max-width: 520px) 100vw, 520px\" \/><\/a><\/figure><\/div>\n\n\n\n<div class=\"wp-block-image\"><figure class=\"aligncenter size-large\"><a href=\"?page_id=1255\"><img loading=\"lazy\" decoding=\"async\" width=\"520\" height=\"100\" src=\"https:\/\/consulta2020.conacyt.mx\/wp-content\/uploads\/2021\/04\/boton_03_small_anteproyecto_ley.png\" alt=\"\" class=\"wp-image-1463\" srcset=\"https:\/\/consulta.conacyt.mx\/wp-content\/uploads\/2021\/04\/boton_03_small_anteproyecto_ley.png 520w, https:\/\/consulta.conacyt.mx\/wp-content\/uploads\/2021\/04\/boton_03_small_anteproyecto_ley-300x58.png 300w\" sizes=\"auto, (max-width: 520px) 100vw, 520px\" \/><\/a><\/figure><\/div>\n\n\n\n<div class=\"wp-block-image\"><figure class=\"aligncenter size-large\"><a href=\"?page_id=641\"><img loading=\"lazy\" decoding=\"async\" width=\"520\" height=\"100\" src=\"https:\/\/consulta2020.conacyt.mx\/wp-content\/uploads\/2021\/04\/boton_02_small_foro_primera_ley.png\" alt=\"\" class=\"wp-image-1462\" srcset=\"https:\/\/consulta.conacyt.mx\/wp-content\/uploads\/2021\/04\/boton_02_small_foro_primera_ley.png 520w, https:\/\/consulta.conacyt.mx\/wp-content\/uploads\/2021\/04\/boton_02_small_foro_primera_ley-300x58.png 300w\" sizes=\"auto, (max-width: 520px) 100vw, 520px\" \/><\/a><\/figure><\/div>\n\n\n\n<div class=\"wp-block-image\"><figure class=\"aligncenter size-large\"><a href=\"?page_id=999\"><img loading=\"lazy\" decoding=\"async\" width=\"520\" height=\"100\" src=\"https:\/\/consulta2020.conacyt.mx\/wp-content\/uploads\/2021\/05\/boton_04_small_participa.png\" alt=\"\" class=\"wp-image-1785\" srcset=\"https:\/\/consulta.conacyt.mx\/wp-content\/uploads\/2021\/05\/boton_04_small_participa.png 520w, https:\/\/consulta.conacyt.mx\/wp-content\/uploads\/2021\/05\/boton_04_small_participa-300x58.png 300w\" sizes=\"auto, (max-width: 520px) 100vw, 520px\" \/><\/a><\/figure><\/div>\n","protected":false},"excerpt":{"rendered":"<p>Bienvenidas y bienvenidos Esta Plataforma de Consulta tiene por objeto garantizar que la comunidad human\u00edstica, cient\u00edfica, tecnol\u00f3gica y de innovaci\u00f3n tenga m\u00e1s espacios para presentar propuestas y comentarios con relaci\u00f3n al Anteproyecto de Ley General en Materia de Humanidades, Ciencias, Tecnolog\u00edas e Innovaci\u00f3n que fue presentado al Consejo General de Investigaci\u00f3n Cient\u00edfica, Desarrollo Tecnol\u00f3gico e [&hellip;]<\/p>\n","protected":false},"author":1,"featured_media":0,"parent":0,"menu_order":0,"comment_status":"closed","ping_status":"closed","template":"","meta":{"footnotes":""},"class_list":["post-1162","page","type-page","status-publish","hentry","entry"],"_links":{"self":[{"href":"https:\/\/consulta.conacyt.mx\/index.php?rest_route=\/wp\/v2\/pages\/1162","targetHints":{"allow":["GET"]}}],"collection":[{"href":"https:\/\/consulta.conacyt.mx\/index.php?rest_route=\/wp\/v2\/pages"}],"about":[{"href":"https:\/\/consulta.conacyt.mx\/index.php?rest_route=\/wp\/v2\/types\/page"}],"author":[{"embeddable":true,"href":"https:\/\/consulta.conacyt.mx\/index.php?rest_route=\/wp\/v2\/users\/1"}],"replies":[{"embeddable":true,"href":"https:\/\/consulta.conacyt.mx\/index.php?rest_route=%2Fwp%2Fv2%2Fcomments&post=1162"}],"version-history":[{"count":70,"href":"https:\/\/consulta.conacyt.mx\/index.php?rest_route=\/wp\/v2\/pages\/1162\/revisions"}],"predecessor-version":[{"id":2164,"href":"https:\/\/consulta.conacyt.mx\/index.php?rest_route=\/wp\/v2\/pages\/1162\/revisions\/2164"}],"wp:attachment":[{"href":"https:\/\/consulta.conacyt.mx\/index.php?rest_route=%2Fwp%2Fv2%2Fmedia&parent=1162"}],"curies":[{"name":"wp","href":"https:\/\/api.w.org\/{rel}","templated":true}]}}