{"id":1024,"date":"2021-04-28T10:35:34","date_gmt":"2021-04-28T15:35:34","guid":{"rendered":"http:\/\/148.228.31.43\/anteproyecto_ley\/?page_id=1024"},"modified":"2021-05-26T13:18:33","modified_gmt":"2021-05-26T18:18:33","slug":"mesa-6","status":"publish","type":"page","link":"https:\/\/consulta.conacyt.mx\/?page_id=1024","title":{"rendered":"Mesa VI"},"content":{"rendered":"\n<p class=\"has-text-align-left\" style=\"font-size:17px\">13 de mayo de 2021<\/p>\n\n\n\n<div class=\"wp-block-columns is-layout-flex wp-container-core-columns-is-layout-9d6595d7 wp-block-columns-is-layout-flex\">\n<div class=\"wp-block-column is-layout-flow wp-block-column-is-layout-flow\" style=\"flex-basis:25%\"><\/div>\n\n\n\n<div class=\"wp-block-column is-layout-flow wp-block-column-is-layout-flow\" style=\"flex-basis:50%\"><div class=\"ytwd_container_wrapper ytwd_container_wrapper17\">    <div class=\"ytwd_container\">        <div id=\"ytwd_container_1\">            <div id=\"ytwd_container_2\" >            <div class=\"ytwd_iframe_container17\" >        <div class=\"ytwd_iframe_wrapper\">        <div class=\"ytwd_iframe_black_wrapper_0 ytwd_iframe_black_wrapper_017\">          <div class=\"ytwd_iframe_black_wrapper ytwd_iframe_black_wrapper17\">                            <div data-src=\"http:\/\/www.youtube.com\/embed\/W-TqsRCP8BY?autoplay=0&color=red&theme&controls=1&fs=1&loop=0&iv_load_policy=1&cc_load_policy=0&playsinline=0&wmode=opaque&start=0&end=0&enablejsapi=1&version=3\" frameborder=\"0\" enablejsapi=\"1\" allowfullscreen id=\"ytwd_main_iframe17\" class=\"ytwd_main_iframe\" data-id=\"17\" data-title=\"\" data-youtube-title=\"\" data-video-id=\"W-TqsRCP8BY\"><\/div>                                    <\/div>        <\/div>    <\/div>       <div class=\"ytwd_main_video_info ytwd_main_video_info17\">                       <div class=\"ytwd_video_statistics ytwd_video_statistics17\">    \t\t<div class=\"ytwd_main_video_channel_data ytwd_main_video_channel_data17\">\t\t\t<div class=\"ytwd_main_video_channel_title_subscripe\">\t\t\t\t \t\t\t<\/div>\t\t<\/div>         <div class=\"ytwd_main_video_statistics\">                            <div class=\"ytwd_likes_dislikes17\">                            <\/div>           <\/div>       <\/div>            <div class=\"ytwd_more_info ytwd_more_info17\" style=\"display:none;\">                        <\/div><\/div><style>\t.ytwd_main_video_info17{\t\tbackground: #fff;\t\t\t}    .ytwd_video_title17 , .ytwd_video_title17 a{        color: #080808 !important;        font-size: 25px !important;        margin: 15px 0px;            }\t.ytwd_video_title17 a:hover{\t\tcolor: #959595!important;\t}\t    .ytwd_share_btns17{        margin: 5px 0px;     }    .ytwd_share_btns17 a{        color: #959595!important;        font-size: 18px;        text-decoration: none !important;        border-bottom: none !important;    }    .ytwd_share_btns17 a:hover{        opacity: 0.7;        text-decoration: none !important;    }    .ytwd_video_view_counts17{        color: #080808;        font-size: 20px;    }       .ytwd_likes_dislikes17{        color: #959595;        font-size: 16px;        clear: both;    }    .ytwd_video_published_at17{        color: #545454;        font-size: 16px;        margin-bottom: 10px;    }    .ytwd_video_description17{        color: #545454;        font-size: 13px;        margin: 15px 0px;    }     .ytwd_main_video_channel_title17 a{        color: #545454 !important;        font-size: 13px !important;    }\t<\/style><\/div><style>    .ytwd_iframe_black_wrapper_017{        width: 100%;        margin: 0 auto;\t\tposition: relative;\t\t\t    }            .ytwd_iframe_black_wrapper17 {        position: relative;        height: 0;        overflow: hidden;        padding-top: 56.25%;    }    #ytwd_main_iframe17 {        position: absolute;        top: 0;        left: 0;        bottom: 0;        right: 0;        width: 100%;        height: 100%;        border: none;    }    \t<\/style>            <\/div>        <\/div>    <\/div><\/div><script>    if(typeof ytwdData == 'undefined'){        var ytwdData = {};    }    ytwdData[\"ID\" + \"17\"] = \"16\";    ytwdData[\"embedType\" + \"17\"] = \"0\";    ytwdData[\"enableGallery\" + \"17\"] = \"0\";    ytwdData[\"youtube_id\" + \"17\"] = \"W-TqsRCP8BY\";    ytwdData[\"videoQuality\" + \"17\"] = \"default\";    ytwdData[\"initialVolume\" + \"17\"] = \"50\";    ytwdData[\"thumbsColumnCount\" + \"17\"] = \"0\";    ytwdData[\"firstClick\" + \"17\"] = true;    ytwdData[\"loadingEffects\" + \"17\"] = \"\";    ytwdData[\"totalPages\" + \"17\"] = Number(\"0\");    ytwdData[\"itemsCountPerPage\" + \"17\"] = Number(\"0\"); \t  ytwdData[\"thumbsWidth\" + \"17\"] = \"100\";    ytwdData[\"videoAdditionalInfo\" + \"17\"] = \"\";    jQuery(window).on(\"load\",function() {        youTubeReadyFunction('17');    });<\/script>\n<\/div>\n\n\n\n<div class=\"wp-block-column is-layout-flow wp-block-column-is-layout-flow\" style=\"flex-basis:25%\"><\/div>\n<\/div>\n\n\n\n<p style=\"font-size:17px\"><strong>Participantes: <\/strong><\/p>\n\n\n\n<ul class=\"has-normal-font-size wp-block-list\"><li>Ing. Guillermo Funes Rodr\u00edguez<\/li><li><a href=\"https:\/\/consulta.conacyt.mx\/wp-content\/uploads\/2021\/05\/Dr._Arturo_Reyes_Sandoval.pdf\" target=\"_blank\" rel=\"noreferrer noopener\">Dr. Arturo Reyes Sandoval<\/a><\/li><li><a href=\"https:\/\/consulta.conacyt.mx\/wp-content\/uploads\/2021\/05\/Mtra._Silvia_Da\u0301valos_De_La_Rosa.pdf\" target=\"_blank\" rel=\"noreferrer noopener\">Mtra. Silvia D\u00e1valos De La Rosa<\/a><\/li><li>Dr. Leonardo \u00c1lvarez C\u00f3rdova<\/li><li>Lic. Juan Lozano Tovar<\/li><li>Dr. Cris\u00f3foro Cardoso Jim\u00e9nez<\/li><li>Dr. Juan Carlos Mart\u00ednez Mart\u00ednez<\/li><li><a href=\"https:\/\/consulta.conacyt.mx\/wp-content\/uploads\/2021\/05\/Dr._Francisco_Medina_Go\u0301mez.pdf\" target=\"_blank\" rel=\"noreferrer noopener\">Dr. Francisco Medina G\u00f3mez<\/a><\/li><li><a href=\"https:\/\/consulta.conacyt.mx\/?attachment_id=2290\">Dr. V\u00edctor Manuel Quintana Silveyra<\/a><\/li><li>Mtra. Ver\u00f3nica Brise\u00f1o Castrej\u00f3n<\/li><li><a href=\"https:\/\/consulta.conacyt.mx\/wp-content\/uploads\/2021\/05\/Dra._Lena_Ruiz_Azuara.pdf\" target=\"_blank\" rel=\"noreferrer noopener\">Dra. Lena Ruiz Azuara<\/a><\/li><li>Dra. Mar\u00eda Guadalupe Fern\u00e1ndez Ruiz<\/li><li><a href=\"https:\/\/consulta.conacyt.mx\/wp-content\/uploads\/2021\/05\/Dra._Margarita_Palomino_Guerrero.pdf\" target=\"_blank\" rel=\"noreferrer noopener\">Dra. Margarita Palomino Guerrero<\/a><\/li><li><a href=\"https:\/\/consulta.conacyt.mx\/wp-content\/uploads\/2021\/05\/Dr._Jose\u0301_Bernardo_Rosas_Ferna\u0301ndez.pdf\" target=\"_blank\" rel=\"noreferrer noopener\">Dr. Jos\u00e9 Bernardo Rosas Fern\u00e1ndez<\/a><\/li><li><a href=\"https:\/\/consulta.conacyt.mx\/wp-content\/uploads\/2021\/05\/Dra._Sonia_Venegas_A\u0301lvarez.pdf\" target=\"_blank\" rel=\"noreferrer noopener\">Dra. Sonia Venegas \u00c1lvarez<\/a><\/li><li>Dr. Manuel Becerra Ram\u00edrez<\/li><li><a href=\"https:\/\/consulta.conacyt.mx\/wp-content\/uploads\/2021\/05\/Dr._Jose\u0301_Ernesto_Rayas_Sa\u0301nchez.pdf\" target=\"_blank\" rel=\"noreferrer noopener\">Dr. Jos\u00e9 Ernesto Rayas S\u00e1nchez<\/a><\/li><li>Dra. Clara Luz \u00c1lvarez Gonz\u00e1lez De Castilla<\/li><li><a href=\"https:\/\/consulta.conacyt.mx\/wp-content\/uploads\/2021\/05\/Dr._Antonio_Mendoza_Herna\u0301ndez.pdf\" target=\"_blank\" rel=\"noreferrer noopener\">Dr. Antonio Mendoza Hern\u00e1ndez<\/a><\/li><li>Dr. Ra\u00fal Delgado Wise<\/li><li>Dra. Elvira Maycotte Pansza<\/li><li>Dra. Hilda Nucci Gonz\u00e1lez<\/li><li><a href=\"https:\/\/consulta.conacyt.mx\/wp-content\/uploads\/2021\/05\/Mtro._Jorge_Miguel_Uscanga_Villalba.pdf\" target=\"_blank\" rel=\"noreferrer noopener\">Mtro. Jorge Miguel Uscanga Villalba<\/a><\/li><li>Dra. M\u00f3nica G\u00f3mez Salazar<\/li><li>Dr. Camilo Contreras Delgado<\/li><li><a href=\"https:\/\/consulta.conacyt.mx\/wp-content\/uploads\/2021\/05\/Dra._Elvia_Arcelia_Quintana-Adriano.pdf\" target=\"_blank\" rel=\"noreferrer noopener\">Dra. Elvia Arcelia Quintana Adriano<\/a><\/li><\/ul>\n\n\n\n<p style=\"font-size:17px\"><strong>Relator\u00eda<\/strong><\/p>\n\n\n\n<div class=\"wp-block-file\"><a href=\"https:\/\/consulta.conacyt.mx\/wp-content\/uploads\/2021\/05\/Relatoria_Mesa_VI._Concurrencia_Sectorial_y_Financiamiento_en_HCTI-130521.pdf\" class=\"wp-block-file__button\" download>Descargar<\/a><\/div>\n\n\n\n<div class=\"wp-block-buttons is-content-justification-center is-layout-flex wp-block-buttons-is-layout-flex\">\n<div class=\"wp-block-button is-style-outline is-style-outline--1\"><a class=\"wp-block-button__link has-white-color has-text-color has-background\" href=\"?page_id=641\" style=\"border-radius:50px;background-color:#022663\"><strong>REGRESAR<\/strong><\/a><\/div>\n\n\n\n<div class=\"wp-block-button is-style-outline is-style-outline--2\"><a class=\"wp-block-button__link has-white-color has-text-color has-background\" href=\"?page_id=999\" style=\"background-color:#022663\"><strong>OPINA<\/strong><\/a><\/div>\n<\/div>\n\n\n\n<p><\/p>\n","protected":false},"excerpt":{"rendered":"<p>13 de mayo de 2021 Participantes: Ing. Guillermo Funes Rodr\u00edguez Dr. Arturo Reyes Sandoval Mtra. Silvia D\u00e1valos De La Rosa Dr. Leonardo \u00c1lvarez C\u00f3rdova Lic. Juan Lozano Tovar Dr. Cris\u00f3foro Cardoso Jim\u00e9nez Dr. Juan Carlos Mart\u00ednez Mart\u00ednez Dr. Francisco Medina G\u00f3mez Dr. V\u00edctor Manuel Quintana Silveyra Mtra. Ver\u00f3nica Brise\u00f1o Castrej\u00f3n Dra. Lena Ruiz Azuara Dra. [&hellip;]<\/p>\n","protected":false},"author":1,"featured_media":0,"parent":0,"menu_order":0,"comment_status":"closed","ping_status":"closed","template":"","meta":{"footnotes":""},"class_list":["post-1024","page","type-page","status-publish","hentry","entry"],"_links":{"self":[{"href":"https:\/\/consulta.conacyt.mx\/index.php?rest_route=\/wp\/v2\/pages\/1024","targetHints":{"allow":["GET"]}}],"collection":[{"href":"https:\/\/consulta.conacyt.mx\/index.php?rest_route=\/wp\/v2\/pages"}],"about":[{"href":"https:\/\/consulta.conacyt.mx\/index.php?rest_route=\/wp\/v2\/types\/page"}],"author":[{"embeddable":true,"href":"https:\/\/consulta.conacyt.mx\/index.php?rest_route=\/wp\/v2\/users\/1"}],"replies":[{"embeddable":true,"href":"https:\/\/consulta.conacyt.mx\/index.php?rest_route=%2Fwp%2Fv2%2Fcomments&post=1024"}],"version-history":[{"count":19,"href":"https:\/\/consulta.conacyt.mx\/index.php?rest_route=\/wp\/v2\/pages\/1024\/revisions"}],"predecessor-version":[{"id":2330,"href":"https:\/\/consulta.conacyt.mx\/index.php?rest_route=\/wp\/v2\/pages\/1024\/revisions\/2330"}],"wp:attachment":[{"href":"https:\/\/consulta.conacyt.mx\/index.php?rest_route=%2Fwp%2Fv2%2Fmedia&parent=1024"}],"curies":[{"name":"wp","href":"https:\/\/api.w.org\/{rel}","templated":true}]}}