{"id":1022,"date":"2021-04-28T10:33:40","date_gmt":"2021-04-28T15:33:40","guid":{"rendered":"http:\/\/148.228.31.43\/anteproyecto_ley\/?page_id=1022"},"modified":"2021-06-01T17:12:03","modified_gmt":"2021-06-01T22:12:03","slug":"mesa-5","status":"publish","type":"page","link":"https:\/\/consulta.conacyt.mx\/?page_id=1022","title":{"rendered":"Mesa V"},"content":{"rendered":"\n<p class=\"has-text-align-left\" style=\"font-size:17px\">12 de mayo de 2021<\/p>\n\n\n\n<div class=\"wp-block-columns is-layout-flex wp-container-core-columns-is-layout-9d6595d7 wp-block-columns-is-layout-flex\">\n<div class=\"wp-block-column is-layout-flow wp-block-column-is-layout-flow\" style=\"flex-basis:25%\"><\/div>\n\n\n\n<div class=\"wp-block-column is-layout-flow wp-block-column-is-layout-flow\" style=\"flex-basis:50%\"><div class=\"ytwd_container_wrapper ytwd_container_wrapper15\">    <div class=\"ytwd_container\">        <div id=\"ytwd_container_1\">            <div id=\"ytwd_container_2\" >            <div class=\"ytwd_iframe_container15\" >        <div class=\"ytwd_iframe_wrapper\">        <div class=\"ytwd_iframe_black_wrapper_0 ytwd_iframe_black_wrapper_015\">          <div class=\"ytwd_iframe_black_wrapper ytwd_iframe_black_wrapper15\">                            <div data-src=\"http:\/\/www.youtube.com\/embed\/ZvGIfXHUtyI?autoplay=0&color=red&theme&controls=1&fs=1&loop=0&iv_load_policy=1&cc_load_policy=0&playsinline=0&wmode=opaque&start=0&end=0&enablejsapi=1&version=3\" frameborder=\"0\" enablejsapi=\"1\" allowfullscreen id=\"ytwd_main_iframe15\" class=\"ytwd_main_iframe\" data-id=\"15\" data-title=\"\" data-youtube-title=\"\" data-video-id=\"ZvGIfXHUtyI\"><\/div>                                    <\/div>        <\/div>    <\/div>       <div class=\"ytwd_main_video_info ytwd_main_video_info15\">                       <div class=\"ytwd_video_statistics ytwd_video_statistics15\">    \t\t<div class=\"ytwd_main_video_channel_data ytwd_main_video_channel_data15\">\t\t\t<div class=\"ytwd_main_video_channel_title_subscripe\">\t\t\t\t \t\t\t<\/div>\t\t<\/div>         <div class=\"ytwd_main_video_statistics\">                            <div class=\"ytwd_likes_dislikes15\">                            <\/div>           <\/div>       <\/div>            <div class=\"ytwd_more_info ytwd_more_info15\" style=\"display:none;\">                        <\/div><\/div><style>\t.ytwd_main_video_info15{\t\tbackground: #fff;\t\t\t}    .ytwd_video_title15 , .ytwd_video_title15 a{        color: #080808 !important;        font-size: 25px !important;        margin: 15px 0px;            }\t.ytwd_video_title15 a:hover{\t\tcolor: #959595!important;\t}\t    .ytwd_share_btns15{        margin: 5px 0px;     }    .ytwd_share_btns15 a{        color: #959595!important;        font-size: 18px;        text-decoration: none !important;        border-bottom: none !important;    }    .ytwd_share_btns15 a:hover{        opacity: 0.7;        text-decoration: none !important;    }    .ytwd_video_view_counts15{        color: #080808;        font-size: 20px;    }       .ytwd_likes_dislikes15{        color: #959595;        font-size: 16px;        clear: both;    }    .ytwd_video_published_at15{        color: #545454;        font-size: 16px;        margin-bottom: 10px;    }    .ytwd_video_description15{        color: #545454;        font-size: 13px;        margin: 15px 0px;    }     .ytwd_main_video_channel_title15 a{        color: #545454 !important;        font-size: 13px !important;    }\t<\/style><\/div><style>    .ytwd_iframe_black_wrapper_015{        width: 100%;        margin: 0 auto;\t\tposition: relative;\t\t\t    }            .ytwd_iframe_black_wrapper15 {        position: relative;        height: 0;        overflow: hidden;        padding-top: 56.25%;    }    #ytwd_main_iframe15 {        position: absolute;        top: 0;        left: 0;        bottom: 0;        right: 0;        width: 100%;        height: 100%;        border: none;    }    \t<\/style>            <\/div>        <\/div>    <\/div><\/div><script>    if(typeof ytwdData == 'undefined'){        var ytwdData = {};    }    ytwdData[\"ID\" + \"15\"] = \"14\";    ytwdData[\"embedType\" + \"15\"] = \"0\";    ytwdData[\"enableGallery\" + \"15\"] = \"0\";    ytwdData[\"youtube_id\" + \"15\"] = \"ZvGIfXHUtyI\";    ytwdData[\"videoQuality\" + \"15\"] = \"default\";    ytwdData[\"initialVolume\" + \"15\"] = \"50\";    ytwdData[\"thumbsColumnCount\" + \"15\"] = \"0\";    ytwdData[\"firstClick\" + \"15\"] = true;    ytwdData[\"loadingEffects\" + \"15\"] = \"\";    ytwdData[\"totalPages\" + \"15\"] = Number(\"0\");    ytwdData[\"itemsCountPerPage\" + \"15\"] = Number(\"0\"); \t  ytwdData[\"thumbsWidth\" + \"15\"] = \"100\";    ytwdData[\"videoAdditionalInfo\" + \"15\"] = \"\";    jQuery(window).on(\"load\",function() {        youTubeReadyFunction('15');    });<\/script>\n<\/div>\n\n\n\n<div class=\"wp-block-column is-layout-flow wp-block-column-is-layout-flow\" style=\"flex-basis:25%\"><\/div>\n<\/div>\n\n\n\n<p style=\"font-size:17px\"><strong>Participantes: <\/strong><\/p>\n\n\n\n<ul class=\"has-normal-font-size wp-block-list\"><li>Dr. David Eduardo V\u00e1zquez Salguero<\/li><li><a href=\"https:\/\/consulta.conacyt.mx\/?attachment_id=2344\">Dr. Miguel Rubio Godoy<\/a><\/li><li><a href=\"https:\/\/consulta.conacyt.mx\/wp-content\/uploads\/2021\/05\/Dra._Leticia_M._Torres_Guerra.pdf\" target=\"_blank\" rel=\"noreferrer noopener\">Dra. Leticia Myriam Torres Guerra<\/a><\/li><li>Dr. Jos\u00e9 Cruz Pineda Castillo<\/li><li>Dra. Gabriela Torres Mazuera<\/li><li>Dr. Miguel \u00c1ngel D\u00edaz Perera<\/li><li><a href=\"https:\/\/consulta.conacyt.mx\/wp-content\/uploads\/2021\/05\/Dra._Nilda_Cecilia_Elizondo.pdf\" target=\"_blank\" rel=\"noreferrer noopener\">Dra. Nilda Cecilia Elizondo<\/a><\/li><li>Dra. Joalin\u00e9 Pardo N\u00fa\u00f1ez<\/li><li><a href=\"https:\/\/consulta.conacyt.mx\/wp-content\/uploads\/2021\/05\/Dr._Alfredo_Ortega_Rubio.pdf\" target=\"_blank\" rel=\"noreferrer noopener\">Dr. Alfredo Ortega Rubio<\/a><\/li><li><a href=\"https:\/\/consulta.conacyt.mx\/?attachment_id=2340\">Dr. Alejandro Cornejo Rodr\u00edguez<\/a><\/li><li><a href=\"https:\/\/consulta.conacyt.mx\/?attachment_id=2280\">Dr. Yanga Villag\u00f3mez Vel\u00e1zquez<\/a><\/li><li>Mtra. Alma Elizabeth Robles Sardin<\/li><li>Dra. Xariss Myriam S\u00e1nchez Chino<\/li><li><a href=\"https:\/\/consulta.conacyt.mx\/wp-content\/uploads\/2021\/05\/Dr._Armando_Contreras_Herna\u0301ndez.pdf\" target=\"_blank\" rel=\"noreferrer noopener\">Dr. Armando Contreras Hern\u00e1ndez<\/a><\/li><li><a href=\"https:\/\/consulta.conacyt.mx\/?attachment_id=2288\">Dr. Samuel Colunga Urbina<\/a><\/li><li><a href=\"https:\/\/consulta.conacyt.mx\/?attachment_id=2294\">Dra. Liliana Falc\u00f3n Zertuche<\/a><\/li><li>Dr. Ferm\u00edn Granados Agust\u00edn<\/li><li><a href=\"https:\/\/consulta.conacyt.mx\/wp-content\/uploads\/2021\/05\/Dr._Jose\u0301_Carlos_Go\u0301mez_Larran\u0303aga_.pdf\" target=\"_blank\" rel=\"noreferrer noopener\">Dr. Jos\u00e9 Carlos G\u00f3mez Larra\u00f1aga<\/a><\/li><li><a href=\"https:\/\/consulta.conacyt.mx\/wp-content\/uploads\/2021\/05\/Dra._Citlalli_Aidee_Becerril_Tinoco.pdf\" target=\"_blank\" rel=\"noreferrer noopener\">Dra. Citlalli Aidee Becerril Tinoco<\/a><\/li><li><a href=\"https:\/\/consulta.conacyt.mx\/?attachment_id=2346\">Dr. V\u00edctor Alejandro Espinoza Valle<\/a><\/li><li><a href=\"https:\/\/consulta.conacyt.mx\/wp-content\/uploads\/2021\/05\/Dr._Edmundo_Gutie\u0301rrez_Domi\u0301nguez.pdf\" target=\"_blank\" rel=\"noreferrer noopener\">Dr. Edmundo Guti\u00e9rrez Dom\u00ednguez<\/a><\/li><\/ul>\n\n\n\n<p style=\"font-size:17px\"><strong><strong>Relator\u00eda<\/strong><\/strong><\/p>\n\n\n\n<div class=\"wp-block-file\"><a href=\"https:\/\/consulta.conacyt.mx\/wp-content\/uploads\/2021\/05\/Relatoria_Mesa_V._Consolidacion_del_Sistema_Nacional_de_Centros_Publicos-120521.pdf\" class=\"wp-block-file__button\" download>Descargar<\/a><\/div>\n\n\n\n<p><\/p>\n\n\n\n<div class=\"wp-block-buttons is-content-justification-center is-layout-flex wp-block-buttons-is-layout-flex\">\n<div class=\"wp-block-button is-style-outline is-style-outline--1\"><a class=\"wp-block-button__link has-white-color has-text-color has-background\" href=\"?page_id=641\" style=\"border-radius:50px;background-color:#022663\"><strong>REGRESAR<\/strong><\/a><\/div>\n\n\n\n<div class=\"wp-block-button is-style-outline is-style-outline--2\"><a class=\"wp-block-button__link has-white-color has-text-color has-background\" href=\"?page_id=999\" style=\"background-color:#022663\"><strong>OPINA<\/strong><\/a><\/div>\n<\/div>\n\n\n\n<p><\/p>\n","protected":false},"excerpt":{"rendered":"<p>12 de mayo de 2021 Participantes: Dr. David Eduardo V\u00e1zquez Salguero Dr. Miguel Rubio Godoy Dra. Leticia Myriam Torres Guerra Dr. Jos\u00e9 Cruz Pineda Castillo Dra. Gabriela Torres Mazuera Dr. Miguel \u00c1ngel D\u00edaz Perera Dra. Nilda Cecilia Elizondo Dra. Joalin\u00e9 Pardo N\u00fa\u00f1ez Dr. Alfredo Ortega Rubio Dr. Alejandro Cornejo Rodr\u00edguez Dr. Yanga Villag\u00f3mez Vel\u00e1zquez Mtra. [&hellip;]<\/p>\n","protected":false},"author":1,"featured_media":0,"parent":0,"menu_order":0,"comment_status":"closed","ping_status":"closed","template":"","meta":{"footnotes":""},"class_list":["post-1022","page","type-page","status-publish","hentry","entry"],"_links":{"self":[{"href":"https:\/\/consulta.conacyt.mx\/index.php?rest_route=\/wp\/v2\/pages\/1022","targetHints":{"allow":["GET"]}}],"collection":[{"href":"https:\/\/consulta.conacyt.mx\/index.php?rest_route=\/wp\/v2\/pages"}],"about":[{"href":"https:\/\/consulta.conacyt.mx\/index.php?rest_route=\/wp\/v2\/types\/page"}],"author":[{"embeddable":true,"href":"https:\/\/consulta.conacyt.mx\/index.php?rest_route=\/wp\/v2\/users\/1"}],"replies":[{"embeddable":true,"href":"https:\/\/consulta.conacyt.mx\/index.php?rest_route=%2Fwp%2Fv2%2Fcomments&post=1022"}],"version-history":[{"count":22,"href":"https:\/\/consulta.conacyt.mx\/index.php?rest_route=\/wp\/v2\/pages\/1022\/revisions"}],"predecessor-version":[{"id":2352,"href":"https:\/\/consulta.conacyt.mx\/index.php?rest_route=\/wp\/v2\/pages\/1022\/revisions\/2352"}],"wp:attachment":[{"href":"https:\/\/consulta.conacyt.mx\/index.php?rest_route=%2Fwp%2Fv2%2Fmedia&parent=1022"}],"curies":[{"name":"wp","href":"https:\/\/api.w.org\/{rel}","templated":true}]}}