{"id":1017,"date":"2021-04-28T10:29:57","date_gmt":"2021-04-28T15:29:57","guid":{"rendered":"http:\/\/148.228.31.43\/anteproyecto_ley\/?page_id=1017"},"modified":"2021-06-01T17:18:03","modified_gmt":"2021-06-01T22:18:03","slug":"mesa-3","status":"publish","type":"page","link":"https:\/\/consulta.conacyt.mx\/?page_id=1017","title":{"rendered":"Mesa III"},"content":{"rendered":"\n<p class=\"has-text-align-left\" style=\"font-size:17px\">6 de mayo de 2021<\/p>\n\n\n\n<div class=\"wp-block-columns is-layout-flex wp-container-core-columns-is-layout-9d6595d7 wp-block-columns-is-layout-flex\">\n<div class=\"wp-block-column is-layout-flow wp-block-column-is-layout-flow\" style=\"flex-basis:25%\"><\/div>\n\n\n\n<div class=\"wp-block-column is-layout-flow wp-block-column-is-layout-flow\" style=\"flex-basis:50%\"><div class=\"ytwd_container_wrapper ytwd_container_wrapper5\">    <div class=\"ytwd_container\">        <div id=\"ytwd_container_1\">            <div id=\"ytwd_container_2\" >            <div class=\"ytwd_iframe_container5\" >        <div class=\"ytwd_iframe_wrapper\">        <div class=\"ytwd_iframe_black_wrapper_0 ytwd_iframe_black_wrapper_05\">          <div class=\"ytwd_iframe_black_wrapper ytwd_iframe_black_wrapper5\">                            <div data-src=\"http:\/\/www.youtube.com\/embed\/K92LQ-4OCNw?autoplay=0&color=red&theme&controls=1&fs=1&loop=0&iv_load_policy=1&cc_load_policy=0&playsinline=0&wmode=opaque&start=0&end=0&enablejsapi=1&version=3\" frameborder=\"0\" enablejsapi=\"1\" allowfullscreen id=\"ytwd_main_iframe5\" class=\"ytwd_main_iframe\" data-id=\"5\" data-title=\"\" data-youtube-title=\"\" data-video-id=\"K92LQ-4OCNw\"><\/div>                                    <\/div>        <\/div>    <\/div>       <div class=\"ytwd_main_video_info ytwd_main_video_info5\">                       <div class=\"ytwd_video_statistics ytwd_video_statistics5\">    \t\t<div class=\"ytwd_main_video_channel_data ytwd_main_video_channel_data5\">\t\t\t<div class=\"ytwd_main_video_channel_title_subscripe\">\t\t\t\t \t\t\t<\/div>\t\t<\/div>         <div class=\"ytwd_main_video_statistics\">                            <div class=\"ytwd_likes_dislikes5\">                            <\/div>           <\/div>       <\/div>            <div class=\"ytwd_more_info ytwd_more_info5\" style=\"display:none;\">                        <\/div><\/div><style>\t.ytwd_main_video_info5{\t\tbackground: #fff;\t\t\t}    .ytwd_video_title5 , .ytwd_video_title5 a{        color: #080808 !important;        font-size: 25px !important;        margin: 15px 0px;            }\t.ytwd_video_title5 a:hover{\t\tcolor: #959595!important;\t}\t    .ytwd_share_btns5{        margin: 5px 0px;     }    .ytwd_share_btns5 a{        color: #959595!important;        font-size: 18px;        text-decoration: none !important;        border-bottom: none !important;    }    .ytwd_share_btns5 a:hover{        opacity: 0.7;        text-decoration: none !important;    }    .ytwd_video_view_counts5{        color: #080808;        font-size: 20px;    }       .ytwd_likes_dislikes5{        color: #959595;        font-size: 16px;        clear: both;    }    .ytwd_video_published_at5{        color: #545454;        font-size: 16px;        margin-bottom: 10px;    }    .ytwd_video_description5{        color: #545454;        font-size: 13px;        margin: 15px 0px;    }     .ytwd_main_video_channel_title5 a{        color: #545454 !important;        font-size: 13px !important;    }\t<\/style><\/div><style>    .ytwd_iframe_black_wrapper_05{        width: 100%;        margin: 0 auto;\t\tposition: relative;\t\t\t    }            .ytwd_iframe_black_wrapper5 {        position: relative;        height: 0;        overflow: hidden;        padding-top: 56.25%;    }    #ytwd_main_iframe5 {        position: absolute;        top: 0;        left: 0;        bottom: 0;        right: 0;        width: 100%;        height: 100%;        border: none;    }    \t<\/style>            <\/div>        <\/div>    <\/div><\/div><script>    if(typeof ytwdData == 'undefined'){        var ytwdData = {};    }    ytwdData[\"ID\" + \"5\"] = \"4\";    ytwdData[\"embedType\" + \"5\"] = \"0\";    ytwdData[\"enableGallery\" + \"5\"] = \"0\";    ytwdData[\"youtube_id\" + \"5\"] = \"K92LQ-4OCNw\";    ytwdData[\"videoQuality\" + \"5\"] = \"default\";    ytwdData[\"initialVolume\" + \"5\"] = \"50\";    ytwdData[\"thumbsColumnCount\" + \"5\"] = \"0\";    ytwdData[\"firstClick\" + \"5\"] = true;    ytwdData[\"loadingEffects\" + \"5\"] = \"\";    ytwdData[\"totalPages\" + \"5\"] = Number(\"0\");    ytwdData[\"itemsCountPerPage\" + \"5\"] = Number(\"0\"); \t  ytwdData[\"thumbsWidth\" + \"5\"] = \"100\";    ytwdData[\"videoAdditionalInfo\" + \"5\"] = \"\";    jQuery(window).on(\"load\",function() {        youTubeReadyFunction('5');    });<\/script>\n<\/div>\n\n\n\n<div class=\"wp-block-column is-layout-flow wp-block-column-is-layout-flow\" style=\"flex-basis:25%\"><\/div>\n<\/div>\n\n\n\n<p style=\"font-size:17px\"><strong>Participantes:<\/strong><\/p>\n\n\n\n<ul class=\"has-normal-font-size wp-block-list\"><li>Dr. Jorge Arturo Argueta Villamar<\/li><li>Dr. Paul Hersch Mart\u00ednez<\/li><li>Dra. Ana Cecilia Noguez Garrido<\/li><li>Dr. Ernesto Villanueva Villanueva<\/li><li><a href=\"https:\/\/consulta.conacyt.mx\/wp-content\/uploads\/2021\/05\/Dra._Julieta_Fierro_Gossman.pdf\" target=\"_blank\" rel=\"noreferrer noopener\">Dra. Julieta Fierro Gossman<\/a><\/li><li><a href=\"https:\/\/consulta.conacyt.mx\/wp-content\/uploads\/2021\/05\/Dr._Omar_Masera_Cerutti.pdf\" target=\"_blank\" rel=\"noreferrer noopener\">Dr. Omar Masera Cerutti<\/a><\/li><li>Dr. Jos\u00e9 Halabe Cherem<\/li><li>Dra. Erika Liliana L\u00f3pez L\u00f3pez<\/li><li>Dra. Refugio Rodr\u00edguez V\u00e1zquez<\/li><li><a href=\"https:\/\/consulta.conacyt.mx\/wp-content\/uploads\/2021\/05\/Dr._Re\u0301my_Benoit_Marie_Vandame.pdf\" target=\"_blank\" rel=\"noreferrer noopener\">Dr. R\u00e9my Benoit Marie Vandame<\/a><\/li><li>Dr. Fernando C\u00f3rdova Canela<\/li><li><a href=\"https:\/\/consulta.conacyt.mx\/?attachment_id=2336\">Dra. Elda Miriam Aldasoro Maya<\/a><\/li><li><a href=\"https:\/\/consulta.conacyt.mx\/?attachment_id=2338\">Dr. Humberto Gonz\u00e1lez Ch\u00e1vez<\/a><\/li><li><a href=\"https:\/\/consulta.conacyt.mx\/wp-content\/uploads\/2021\/05\/Dr._Manuel_Roberto_Parra_Va\u0301zquez.pdf\" target=\"_blank\" rel=\"noreferrer noopener\">Dr. Manuel Roberto Parra V\u00e1zquez<\/a><\/li><li><a href=\"https:\/\/consulta.conacyt.mx\/?attachment_id=2284\">Dr. Jos\u00e9 Joaqu\u00edn Pi\u00f1a Mondrag\u00f3n <\/a><\/li><li><a href=\"https:\/\/consulta.conacyt.mx\/?attachment_id=2292\">Dra. Kim S\u00e1nchez Salda\u00f1a<\/a><\/li><li>Dra. Gracia Emelia Ch\u00e1vez Ortiz<\/li><li><a href=\"https:\/\/consulta.conacyt.mx\/wp-content\/uploads\/2021\/05\/Dr._Rafael_Antonio_Pe\u0301rez-Taylor_y_Aldrete.pdf\" target=\"_blank\" rel=\"noreferrer noopener\">Dr. Rafael Antonio P\u00e9rez-Taylor y Aldrete<\/a><\/li><\/ul>\n\n\n\n<p style=\"font-size:17px\"><strong>Relator\u00eda<\/strong><\/p>\n\n\n\n<div class=\"wp-block-file\"><a href=\"https:\/\/consulta.conacyt.mx\/wp-content\/uploads\/2021\/05\/Relatoria_Mesa_III._Ciencia_basica_Investigacion_de_Frontera_e_Incidencia_de_las_HCTI_en_la_Atencion_de_Problemas_Nacionales.pdf\" class=\"wp-block-file__button\" download>Descarga<\/a><\/div>\n\n\n\n<div class=\"wp-block-buttons is-content-justification-center is-layout-flex wp-block-buttons-is-layout-flex\">\n<div class=\"wp-block-button is-style-outline is-style-outline--1\"><a class=\"wp-block-button__link has-white-color has-text-color has-background\" href=\"?page_id=641\" style=\"border-radius:50px;background-color:#022663\"><strong>REGRESAR<\/strong><\/a><\/div>\n\n\n\n<div class=\"wp-block-button is-style-outline is-style-outline--2\"><a class=\"wp-block-button__link has-white-color has-text-color has-background\" href=\"?page_id=999\" style=\"background-color:#022663\"><strong>OPINA<\/strong><\/a><\/div>\n<\/div>\n\n\n\n<p><\/p>\n","protected":false},"excerpt":{"rendered":"<p>6 de mayo de 2021 Participantes: Dr. Jorge Arturo Argueta Villamar Dr. Paul Hersch Mart\u00ednez Dra. Ana Cecilia Noguez Garrido Dr. Ernesto Villanueva Villanueva Dra. Julieta Fierro Gossman Dr. Omar Masera Cerutti Dr. Jos\u00e9 Halabe Cherem Dra. Erika Liliana L\u00f3pez L\u00f3pez Dra. Refugio Rodr\u00edguez V\u00e1zquez Dr. R\u00e9my Benoit Marie Vandame Dr. Fernando C\u00f3rdova Canela Dra. [&hellip;]<\/p>\n","protected":false},"author":1,"featured_media":0,"parent":0,"menu_order":0,"comment_status":"closed","ping_status":"closed","template":"","meta":{"footnotes":""},"class_list":["post-1017","page","type-page","status-publish","hentry","entry"],"_links":{"self":[{"href":"https:\/\/consulta.conacyt.mx\/index.php?rest_route=\/wp\/v2\/pages\/1017","targetHints":{"allow":["GET"]}}],"collection":[{"href":"https:\/\/consulta.conacyt.mx\/index.php?rest_route=\/wp\/v2\/pages"}],"about":[{"href":"https:\/\/consulta.conacyt.mx\/index.php?rest_route=\/wp\/v2\/types\/page"}],"author":[{"embeddable":true,"href":"https:\/\/consulta.conacyt.mx\/index.php?rest_route=\/wp\/v2\/users\/1"}],"replies":[{"embeddable":true,"href":"https:\/\/consulta.conacyt.mx\/index.php?rest_route=%2Fwp%2Fv2%2Fcomments&post=1017"}],"version-history":[{"count":26,"href":"https:\/\/consulta.conacyt.mx\/index.php?rest_route=\/wp\/v2\/pages\/1017\/revisions"}],"predecessor-version":[{"id":2358,"href":"https:\/\/consulta.conacyt.mx\/index.php?rest_route=\/wp\/v2\/pages\/1017\/revisions\/2358"}],"wp:attachment":[{"href":"https:\/\/consulta.conacyt.mx\/index.php?rest_route=%2Fwp%2Fv2%2Fmedia&parent=1017"}],"curies":[{"name":"wp","href":"https:\/\/api.w.org\/{rel}","templated":true}]}}