{"id":1010,"date":"2021-04-28T10:26:31","date_gmt":"2021-04-28T15:26:31","guid":{"rendered":"http:\/\/148.228.31.43\/anteproyecto_ley\/?page_id=1010"},"modified":"2021-06-01T17:14:16","modified_gmt":"2021-06-01T22:14:16","slug":"foro-2","status":"publish","type":"page","link":"https:\/\/consulta.conacyt.mx\/?page_id=1010","title":{"rendered":"Mesa II"},"content":{"rendered":"\n<p class=\"has-text-align-left\" style=\"font-size:17px\">5 de mayo de 2021<\/p>\n\n\n\n<div class=\"wp-block-columns is-layout-flex wp-container-core-columns-is-layout-9d6595d7 wp-block-columns-is-layout-flex\">\n<div class=\"wp-block-column is-layout-flow wp-block-column-is-layout-flow\" style=\"flex-basis:25%\"><\/div>\n\n\n\n<div class=\"wp-block-column is-layout-flow wp-block-column-is-layout-flow\" style=\"flex-basis:50%\"><div class=\"ytwd_container_wrapper ytwd_container_wrapper11\">    <div class=\"ytwd_container\">        <div id=\"ytwd_container_1\">            <div id=\"ytwd_container_2\" >            <div class=\"ytwd_iframe_container11\" >        <div class=\"ytwd_iframe_wrapper\">        <div class=\"ytwd_iframe_black_wrapper_0 ytwd_iframe_black_wrapper_011\">          <div class=\"ytwd_iframe_black_wrapper ytwd_iframe_black_wrapper11\">                            <div data-src=\"http:\/\/www.youtube.com\/embed\/Nwddmg1cd0A?autoplay=0&color=red&theme&controls=1&fs=1&loop=0&iv_load_policy=1&cc_load_policy=0&playsinline=0&wmode=opaque&start=0&end=0&enablejsapi=1&version=3\" frameborder=\"0\" enablejsapi=\"1\" allowfullscreen id=\"ytwd_main_iframe11\" class=\"ytwd_main_iframe\" data-id=\"11\" data-title=\"\" data-youtube-title=\"\" data-video-id=\"Nwddmg1cd0A\"><\/div>                                    <\/div>        <\/div>    <\/div>       <div class=\"ytwd_main_video_info ytwd_main_video_info11\">                       <div class=\"ytwd_video_statistics ytwd_video_statistics11\">    \t\t<div class=\"ytwd_main_video_channel_data ytwd_main_video_channel_data11\">\t\t\t<div class=\"ytwd_main_video_channel_title_subscripe\">\t\t\t\t \t\t\t<\/div>\t\t<\/div>         <div class=\"ytwd_main_video_statistics\">                            <div class=\"ytwd_likes_dislikes11\">                            <\/div>           <\/div>       <\/div>            <div class=\"ytwd_more_info ytwd_more_info11\" style=\"display:none;\">                        <\/div><\/div><style>\t.ytwd_main_video_info11{\t\tbackground: #fff;\t\t\t}    .ytwd_video_title11 , .ytwd_video_title11 a{        color: #080808 !important;        font-size: 25px !important;        margin: 15px 0px;            }\t.ytwd_video_title11 a:hover{\t\tcolor: #959595!important;\t}\t    .ytwd_share_btns11{        margin: 5px 0px;     }    .ytwd_share_btns11 a{        color: #959595!important;        font-size: 18px;        text-decoration: none !important;        border-bottom: none !important;    }    .ytwd_share_btns11 a:hover{        opacity: 0.7;        text-decoration: none !important;    }    .ytwd_video_view_counts11{        color: #080808;        font-size: 20px;    }       .ytwd_likes_dislikes11{        color: #959595;        font-size: 16px;        clear: both;    }    .ytwd_video_published_at11{        color: #545454;        font-size: 16px;        margin-bottom: 10px;    }    .ytwd_video_description11{        color: #545454;        font-size: 13px;        margin: 15px 0px;    }     .ytwd_main_video_channel_title11 a{        color: #545454 !important;        font-size: 13px !important;    }\t<\/style><\/div><style>    .ytwd_iframe_black_wrapper_011{        width: 100%;        margin: 0 auto;\t\tposition: relative;\t\t\t    }            .ytwd_iframe_black_wrapper11 {        position: relative;        height: 0;        overflow: hidden;        padding-top: 56.25%;    }    #ytwd_main_iframe11 {        position: absolute;        top: 0;        left: 0;        bottom: 0;        right: 0;        width: 100%;        height: 100%;        border: none;    }    \t<\/style>            <\/div>        <\/div>    <\/div><\/div><script>    if(typeof ytwdData == 'undefined'){        var ytwdData = {};    }    ytwdData[\"ID\" + \"11\"] = \"10\";    ytwdData[\"embedType\" + \"11\"] = \"0\";    ytwdData[\"enableGallery\" + \"11\"] = \"0\";    ytwdData[\"youtube_id\" + \"11\"] = \"Nwddmg1cd0A\";    ytwdData[\"videoQuality\" + \"11\"] = \"default\";    ytwdData[\"initialVolume\" + \"11\"] = \"50\";    ytwdData[\"thumbsColumnCount\" + \"11\"] = \"0\";    ytwdData[\"firstClick\" + \"11\"] = true;    ytwdData[\"loadingEffects\" + \"11\"] = \"\";    ytwdData[\"totalPages\" + \"11\"] = Number(\"0\");    ytwdData[\"itemsCountPerPage\" + \"11\"] = Number(\"0\"); \t  ytwdData[\"thumbsWidth\" + \"11\"] = \"100\";    ytwdData[\"videoAdditionalInfo\" + \"11\"] = \"\";    jQuery(window).on(\"load\",function() {        youTubeReadyFunction('11');    });<\/script>\n<\/div>\n\n\n\n<div class=\"wp-block-column is-layout-flow wp-block-column-is-layout-flow\" style=\"flex-basis:25%\"><\/div>\n<\/div>\n\n\n\n<p style=\"font-size:17px\"><strong>Participantes: <\/strong><\/p>\n\n\n\n<ul class=\"has-normal-font-size wp-block-list\"><li><a href=\"https:\/\/consulta.conacyt.mx\/?attachment_id=2342\">Dr. Jaime Fernando C\u00e1rdenas Gracia<\/a><\/li><li><a href=\"https:\/\/consulta.conacyt.mx\/wp-content\/uploads\/2021\/05\/Dr._Sergio_Lo\u0301pez_Ayllo\u0301n.pdf\">Dr. Sergio L\u00f3pez Ayll\u00f3n<\/a><\/li><li>Mtra. Mylai Burgos Matamoros<\/li><li><a href=\"https:\/\/consulta.conacyt.mx\/?attachment_id=2276\">Lic. Jos\u00e9 Ricardo Balderas Alatorre<\/a><\/li><li>Dr. Pedro Salazar Ugarte<\/li><li>Dr. Miguel Covi\u00e1n Andrade<\/li><li>Dra. Mar\u00eda del Carmen de la Peza Casares<\/li><li>Dra. Rosa Carmen Rasc\u00f3n Gasca<\/li><li>Mtro. Jos\u00e9 Alonso Huerta Cruz<\/li><li>Ing. Roberto Russildi Montellano<\/li><li><a href=\"https:\/\/consulta.conacyt.mx\/wp-content\/uploads\/2021\/05\/Lic._Mari\u0301a_Magdalena_Galindo_Ledezma.pdf\" target=\"_blank\" rel=\"noreferrer noopener\">Lic. Mar\u00eda Magdalena Galindo Ledezma<\/a><\/li><li><a href=\"https:\/\/consulta.conacyt.mx\/wp-content\/uploads\/2021\/05\/Dr._Lucio_Oliver_Costilla.pdf\" target=\"_blank\" rel=\"noreferrer noopener\">Dr. Lucio Oliver Costilla<\/a><\/li><li>Dr. Jes\u00fas Alejandro Salazar Adams<\/li><li>Dr. Jos\u00e9 Guadalupe Gandarilla Salgado<\/li><li>Dr. Juan Manuel Alcocer Gonz\u00e1lez<\/li><li><a href=\"https:\/\/consulta.conacyt.mx\/wp-content\/uploads\/2021\/05\/Dr._Jose\u0301_Zavala_A\u0301lvarez.pdf\" target=\"_blank\" rel=\"noreferrer noopener\">Dr. Jos\u00e9 Zavala \u00c1lvarez<\/a><\/li><li>Dr. John Mill Ackerman Rose<\/li><\/ul>\n\n\n\n<p style=\"font-size:17px\"><strong>Relator\u00eda<\/strong><\/p>\n\n\n\n<div class=\"wp-block-file\"><a href=\"https:\/\/consulta.conacyt.mx\/wp-content\/uploads\/2021\/05\/Relatoria_Mesa_II._Rectoria_y_Democratizacion_del_Sistema_Nacional_de_HCTI-050521.pdf\" class=\"wp-block-file__button\" download>Descarga<\/a><\/div>\n\n\n\n<div class=\"wp-block-buttons is-content-justification-center is-layout-flex wp-block-buttons-is-layout-flex\">\n<div class=\"wp-block-button is-style-outline is-style-outline--1\"><a class=\"wp-block-button__link has-white-color has-text-color has-background\" href=\"?page_id=641\" style=\"border-radius:50px;background-color:#022663\"><strong>REGRESAR<\/strong><\/a><\/div>\n\n\n\n<div class=\"wp-block-button is-style-outline is-style-outline--2\"><a class=\"wp-block-button__link has-white-color has-text-color has-background\" href=\"?page_id=999\" style=\"background-color:#022663\"><strong>OPINA<\/strong><\/a><\/div>\n<\/div>\n\n\n\n<p><\/p>\n","protected":false},"excerpt":{"rendered":"<p>5 de mayo de 2021 Participantes: Dr. Jaime Fernando C\u00e1rdenas Gracia Dr. Sergio L\u00f3pez Ayll\u00f3n Mtra. Mylai Burgos Matamoros Lic. Jos\u00e9 Ricardo Balderas Alatorre Dr. Pedro Salazar Ugarte Dr. Miguel Covi\u00e1n Andrade Dra. Mar\u00eda del Carmen de la Peza Casares Dra. Rosa Carmen Rasc\u00f3n Gasca Mtro. Jos\u00e9 Alonso Huerta Cruz Ing. Roberto Russildi Montellano Lic. [&hellip;]<\/p>\n","protected":false},"author":1,"featured_media":0,"parent":0,"menu_order":0,"comment_status":"closed","ping_status":"closed","template":"","meta":{"footnotes":""},"class_list":["post-1010","page","type-page","status-publish","hentry","entry"],"_links":{"self":[{"href":"https:\/\/consulta.conacyt.mx\/index.php?rest_route=\/wp\/v2\/pages\/1010","targetHints":{"allow":["GET"]}}],"collection":[{"href":"https:\/\/consulta.conacyt.mx\/index.php?rest_route=\/wp\/v2\/pages"}],"about":[{"href":"https:\/\/consulta.conacyt.mx\/index.php?rest_route=\/wp\/v2\/types\/page"}],"author":[{"embeddable":true,"href":"https:\/\/consulta.conacyt.mx\/index.php?rest_route=\/wp\/v2\/users\/1"}],"replies":[{"embeddable":true,"href":"https:\/\/consulta.conacyt.mx\/index.php?rest_route=%2Fwp%2Fv2%2Fcomments&post=1010"}],"version-history":[{"count":22,"href":"https:\/\/consulta.conacyt.mx\/index.php?rest_route=\/wp\/v2\/pages\/1010\/revisions"}],"predecessor-version":[{"id":2354,"href":"https:\/\/consulta.conacyt.mx\/index.php?rest_route=\/wp\/v2\/pages\/1010\/revisions\/2354"}],"wp:attachment":[{"href":"https:\/\/consulta.conacyt.mx\/index.php?rest_route=%2Fwp%2Fv2%2Fmedia&parent=1010"}],"curies":[{"name":"wp","href":"https:\/\/api.w.org\/{rel}","templated":true}]}}