{"id":1008,"date":"2021-04-28T10:25:15","date_gmt":"2021-04-28T15:25:15","guid":{"rendered":"http:\/\/148.228.31.43\/anteproyecto_ley\/?page_id=1008"},"modified":"2021-05-26T11:59:52","modified_gmt":"2021-05-26T16:59:52","slug":"foro-1","status":"publish","type":"page","link":"https:\/\/consulta.conacyt.mx\/?page_id=1008","title":{"rendered":"Mesa I"},"content":{"rendered":"\n<p style=\"font-size:17px\">4 de mayo de 2021<\/p>\n\n\n\n<div class=\"wp-block-columns is-layout-flex wp-container-core-columns-is-layout-9d6595d7 wp-block-columns-is-layout-flex\">\n<div class=\"wp-block-column is-layout-flow wp-block-column-is-layout-flow\" style=\"flex-basis:25%\"><\/div>\n\n\n\n<div class=\"wp-block-column is-layout-flow wp-block-column-is-layout-flow\" style=\"flex-basis:50%\"><div class=\"ytwd_container_wrapper ytwd_container_wrapper3\">    <div class=\"ytwd_container\">        <div id=\"ytwd_container_1\">            <div id=\"ytwd_container_2\" >            <div class=\"ytwd_iframe_container3\" >        <div class=\"ytwd_iframe_wrapper\">        <div class=\"ytwd_iframe_black_wrapper_0 ytwd_iframe_black_wrapper_03\">          <div class=\"ytwd_iframe_black_wrapper ytwd_iframe_black_wrapper3\">                            <div data-src=\"http:\/\/www.youtube.com\/embed\/6uXGhgrZ73k?autoplay=0&color=red&theme&controls=1&fs=1&loop=0&iv_load_policy=1&cc_load_policy=0&playsinline=0&wmode=opaque&start=0&end=0&enablejsapi=1&version=3\" frameborder=\"0\" enablejsapi=\"1\" allowfullscreen id=\"ytwd_main_iframe3\" class=\"ytwd_main_iframe\" data-id=\"3\" data-title=\"\" data-youtube-title=\"\" data-video-id=\"6uXGhgrZ73k\"><\/div>                                    <\/div>        <\/div>    <\/div>       <div class=\"ytwd_main_video_info ytwd_main_video_info3\">                       <div class=\"ytwd_video_statistics ytwd_video_statistics3\">    \t\t<div class=\"ytwd_main_video_channel_data ytwd_main_video_channel_data3\">\t\t\t<div class=\"ytwd_main_video_channel_title_subscripe\">\t\t\t\t \t\t\t<\/div>\t\t<\/div>         <div class=\"ytwd_main_video_statistics\">                            <div class=\"ytwd_likes_dislikes3\">                            <\/div>           <\/div>       <\/div>            <div class=\"ytwd_more_info ytwd_more_info3\" style=\"display:none;\">                        <\/div><\/div><style>\t.ytwd_main_video_info3{\t\tbackground: #fff;\t\t\t}    .ytwd_video_title3 , .ytwd_video_title3 a{        color: #080808 !important;        font-size: 25px !important;        margin: 15px 0px;            }\t.ytwd_video_title3 a:hover{\t\tcolor: #959595!important;\t}\t    .ytwd_share_btns3{        margin: 5px 0px;     }    .ytwd_share_btns3 a{        color: #959595!important;        font-size: 18px;        text-decoration: none !important;        border-bottom: none !important;    }    .ytwd_share_btns3 a:hover{        opacity: 0.7;        text-decoration: none !important;    }    .ytwd_video_view_counts3{        color: #080808;        font-size: 20px;    }       .ytwd_likes_dislikes3{        color: #959595;        font-size: 16px;        clear: both;    }    .ytwd_video_published_at3{        color: #545454;        font-size: 16px;        margin-bottom: 10px;    }    .ytwd_video_description3{        color: #545454;        font-size: 13px;        margin: 15px 0px;    }     .ytwd_main_video_channel_title3 a{        color: #545454 !important;        font-size: 13px !important;    }\t<\/style><\/div><style>    .ytwd_iframe_black_wrapper_03{        width: 100%;        margin: 0 auto;\t\tposition: relative;\t\t\t    }            .ytwd_iframe_black_wrapper3 {        position: relative;        height: 0;        overflow: hidden;        padding-top: 56.25%;    }    #ytwd_main_iframe3 {        position: absolute;        top: 0;        left: 0;        bottom: 0;        right: 0;        width: 100%;        height: 100%;        border: none;    }    \t<\/style>            <\/div>        <\/div>    <\/div><\/div><script>    if(typeof ytwdData == 'undefined'){        var ytwdData = {};    }    ytwdData[\"ID\" + \"3\"] = \"2\";    ytwdData[\"embedType\" + \"3\"] = \"0\";    ytwdData[\"enableGallery\" + \"3\"] = \"0\";    ytwdData[\"youtube_id\" + \"3\"] = \"6uXGhgrZ73k\";    ytwdData[\"videoQuality\" + \"3\"] = \"default\";    ytwdData[\"initialVolume\" + \"3\"] = \"50\";    ytwdData[\"thumbsColumnCount\" + \"3\"] = \"0\";    ytwdData[\"firstClick\" + \"3\"] = true;    ytwdData[\"loadingEffects\" + \"3\"] = \"\";    ytwdData[\"totalPages\" + \"3\"] = Number(\"0\");    ytwdData[\"itemsCountPerPage\" + \"3\"] = Number(\"0\"); \t  ytwdData[\"thumbsWidth\" + \"3\"] = \"100\";    ytwdData[\"videoAdditionalInfo\" + \"3\"] = \"\";    jQuery(window).on(\"load\",function() {        youTubeReadyFunction('3');    });<\/script>\n<\/div>\n\n\n\n<div class=\"wp-block-column is-layout-flow wp-block-column-is-layout-flow\" style=\"flex-basis:25%\"><\/div>\n<\/div>\n\n\n\n<p style=\"font-size:17px\"><strong>Participantes:<\/strong><\/p>\n\n\n\n<ul class=\"wp-block-list\"><li>Dr. Ra\u00fal Contreras Bustamante<\/li><li><a href=\"https:\/\/consulta.conacyt.mx\/wp-content\/uploads\/2021\/05\/Dr._Jorge_Witker_Vela\u0301squez.pdf\" target=\"_blank\" rel=\"noreferrer noopener\">Dr. Jorge Alberto Witker Vel\u00e1squez<\/a><\/li><li><a href=\"https:\/\/consulta.conacyt.mx\/wp-content\/uploads\/2021\/05\/Dra._Ana_Mari\u0301a_Cetto_Kramis.pdf\" target=\"_blank\" rel=\"noreferrer noopener\">Dra. Ana Mar\u00eda Cetto Kramis<\/a><\/li><li><a href=\"https:\/\/consulta.conacyt.mx\/?attachment_id=2176\">Dr. Luis Armando Gonz\u00e1lez Placencia<\/a><\/li><li>Dr. William Lee Alardin<\/li><li>Dr. Jos\u00e9 Antonio S\u00e1nchez Barroso<\/li><li><a href=\"https:\/\/consulta.conacyt.mx\/wp-content\/uploads\/2021\/05\/Dr._Napoleo\u0301n_Conde_Gaxiola.pdf\" target=\"_blank\" rel=\"noreferrer noopener\">Dr. Napole\u00f3n Conde Gaxiola<\/a><\/li><li>Dr. Alejandro Rosillo Mart\u00ednez<\/li><li>Dra. Veronika Sieglin Suetterlin<\/li><li>Dr. Jos\u00e9 Flores Sosa<\/li><li>Dr. Esa\u00fa Salvador Bravo Luis<\/li><li>Dr. Rodrigo Guti\u00e9rrez Rivas<\/li><li><a href=\"https:\/\/consulta.conacyt.mx\/wp-content\/uploads\/2021\/05\/Dra._Maya_Lorena_Pe\u0301rez_Ruiz.pdf\" target=\"_blank\" rel=\"noreferrer noopener\">Dra. Maya Lorena P\u00e9rez Ruiz<\/a><\/li><li>Dra. Adriana Marcela Moreno Acosta<\/li><li>Mtro. Arturo Gonz\u00e1lez Gonz\u00e1lez<\/li><li>Dr. Ad\u00e1n Cano Aguilar<\/li><li>Dra. Gisela Mar\u00eda P\u00e9rez Fuentes<\/li><li><a href=\"https:\/\/consulta.conacyt.mx\/wp-content\/uploads\/2021\/05\/Dr._Armando_Herna\u0301ndez_Cruz.pdf\" target=\"_blank\" rel=\"noreferrer noopener\">Dr. Armando Hern\u00e1ndez Cruz<\/a><\/li><li><a href=\"https:\/\/consulta.conacyt.mx\/?attachment_id=2286\">Dr. Octavio Rosas Landa Ramos<\/a><\/li><li>Dra. Martha Patricia Casta\u00f1eda Salgado<\/li><li>Dr. Andr\u00e9s Barreda Mar\u00edn<\/li><\/ul>\n\n\n\n<p style=\"font-size:17px\"><strong>Relator\u00eda<\/strong><\/p>\n\n\n\n<div class=\"wp-block-file\"><a href=\"https:\/\/consulta.conacyt.mx\/wp-content\/uploads\/2021\/05\/Relatoria-Mesa-I-Derecho-Humano-a-la-Ciencia-040521.pdf\" class=\"wp-block-file__button\" download>Descarga<\/a><\/div>\n\n\n\n<div class=\"wp-block-buttons is-content-justification-center is-layout-flex wp-block-buttons-is-layout-flex\">\n<div class=\"wp-block-button is-style-outline is-style-outline--1\"><a class=\"wp-block-button__link has-white-color has-text-color has-background\" href=\"?page_id=641\" style=\"border-radius:50px;background-color:#022663\"><strong>REGRESAR<\/strong><\/a><\/div>\n\n\n\n<div class=\"wp-block-button is-style-outline is-style-outline--2\"><a class=\"wp-block-button__link has-white-color has-text-color has-background\" href=\"?page_id=999\" style=\"background-color:#022663\"><strong>OPINA<\/strong><\/a><\/div>\n<\/div>\n\n\n\n<p><\/p>\n","protected":false},"excerpt":{"rendered":"<p>4 de mayo de 2021 Participantes: Dr. Ra\u00fal Contreras Bustamante Dr. Jorge Alberto Witker Vel\u00e1squez Dra. Ana Mar\u00eda Cetto Kramis Dr. Luis Armando Gonz\u00e1lez Placencia Dr. William Lee Alardin Dr. Jos\u00e9 Antonio S\u00e1nchez Barroso Dr. Napole\u00f3n Conde Gaxiola Dr. Alejandro Rosillo Mart\u00ednez Dra. Veronika Sieglin Suetterlin Dr. Jos\u00e9 Flores Sosa Dr. Esa\u00fa Salvador Bravo Luis [&hellip;]<\/p>\n","protected":false},"author":1,"featured_media":0,"parent":0,"menu_order":0,"comment_status":"closed","ping_status":"closed","template":"","meta":{"footnotes":""},"class_list":["post-1008","page","type-page","status-publish","hentry","entry"],"_links":{"self":[{"href":"https:\/\/consulta.conacyt.mx\/index.php?rest_route=\/wp\/v2\/pages\/1008","targetHints":{"allow":["GET"]}}],"collection":[{"href":"https:\/\/consulta.conacyt.mx\/index.php?rest_route=\/wp\/v2\/pages"}],"about":[{"href":"https:\/\/consulta.conacyt.mx\/index.php?rest_route=\/wp\/v2\/types\/page"}],"author":[{"embeddable":true,"href":"https:\/\/consulta.conacyt.mx\/index.php?rest_route=\/wp\/v2\/users\/1"}],"replies":[{"embeddable":true,"href":"https:\/\/consulta.conacyt.mx\/index.php?rest_route=%2Fwp%2Fv2%2Fcomments&post=1008"}],"version-history":[{"count":29,"href":"https:\/\/consulta.conacyt.mx\/index.php?rest_route=\/wp\/v2\/pages\/1008\/revisions"}],"predecessor-version":[{"id":2298,"href":"https:\/\/consulta.conacyt.mx\/index.php?rest_route=\/wp\/v2\/pages\/1008\/revisions\/2298"}],"wp:attachment":[{"href":"https:\/\/consulta.conacyt.mx\/index.php?rest_route=%2Fwp%2Fv2%2Fmedia&parent=1008"}],"curies":[{"name":"wp","href":"https:\/\/api.w.org\/{rel}","templated":true}]}}